{"id":14,"date":"2017-05-10T18:09:08","date_gmt":"2017-05-10T16:09:08","guid":{"rendered":"http:\/\/aurelienelias.com\/?page_id=14"},"modified":"2022-05-09T13:48:57","modified_gmt":"2022-05-09T11:48:57","slug":"portfolio","status":"publish","type":"page","link":"https:\/\/aurelienelias.com\/en\/","title":{"rendered":"Portfolio"},"content":{"rendered":"<div class=\"tw-divider\"><h5><span>Derniers articles<\/span><\/h5><\/div>\n<div class=\"sidepost tw-postshortcode\"><div class=\"sidepostcontainer isotopecontainer\" data-value=\"3\"><div class=\"tw-one-third articleinner isobrick\"><div class=\"thumbnailarea\">\n\t\t\t\t                  <a class=\"thumblink\" title=\"Permanent Link to %sDesign de la brochure Fnac Darty On Boarding\" href=\"https:\/\/aurelienelias.com\/en\/2023\/09\/04\/design-de-la-brochure-fnac-darty-on-boarding\/\">\n\t\t\t\t                  \t<img src=\"https:\/\/aurelienelias.com\/wp-content\/uploads\/2023\/09\/FnacDarty_BrochureOnboarding_MockupThumbnail-600x400.jpg\" class=\"scale-with-grid wp-post-image\" alt=\"Fnac Darty - Brochure On Boarding\" decoding=\"async\" loading=\"lazy\" \/>\n\t\t\t\t                  <\/a>\n\t\t\t                  <\/div><h3 class=\"title-shortcode\">\n\t\t\t\t\t\t\t<a href=\"https:\/\/aurelienelias.com\/en\/2023\/09\/04\/design-de-la-brochure-fnac-darty-on-boarding\/\" title=\"Permanent Link to %sDesign de la brochure Fnac Darty On Boarding\">\n\t\t\t\t\t\t\t\tDesign de la brochure Fnac Darty On Boarding\n\t\t\t\t\t\t\t<\/a>\n\t\t\t\t\t\t  <\/h3><span class=\"date\"><span class=\"posted\">4 September 2023<\/span> <span class=\"date-divider\"> | <\/span>\n\t\t\t\t\t\t\t\t<a href=\"https:\/\/aurelienelias.com\/en\/author\/aurelienelias\/\" class=\"author\">\n\t\t\t\t\t\t\t\t\tAur\u00e9lien Elias\n\t\t\t\t\t\t\t\t<\/a>\n\t\t\t\t\t\t\t  <\/span><p>Design graphique et mise en page de la brochure On Boarding du groupe Fnac Darty \u00e0 destination des nouveaux collaborateurs. Pour pr\u00e9parer une meilleure int\u00e9gration de ses nouveaux collaborateurs, le Groupe Fnac Darty a pris l&rsquo;initiative de r\u00e9aliser une brochure ... <span class=\"more-link\"><a href=\"https:\/\/aurelienelias.com\/en\/2023\/09\/04\/design-de-la-brochure-fnac-darty-on-boarding\/\" class=\"more-link\">More details<\/a><\/span><\/p><div class=\"clear\"><\/div><\/div><div class=\"tw-one-third articleinner isobrick\"><div class=\"thumbnailarea\">\n\t\t\t\t                  <a class=\"thumblink\" title=\"Permanent Link to %sAur\u00e9lien ELIAS devient Aeon Studio\" href=\"https:\/\/aurelienelias.com\/en\/2023\/09\/01\/aurelien-elias-devient-aeon-studio\/\">\n\t\t\t\t                  \t<img src=\"https:\/\/aurelienelias.com\/wp-content\/uploads\/2023\/08\/AeonStudio_Thumbnail-600x400.jpg\" class=\"scale-with-grid wp-post-image\" alt=\"Aeon Studio\" decoding=\"async\" loading=\"lazy\" \/>\n\t\t\t\t                  <\/a>\n\t\t\t                  <\/div><h3 class=\"title-shortcode\">\n\t\t\t\t\t\t\t<a href=\"https:\/\/aurelienelias.com\/en\/2023\/09\/01\/aurelien-elias-devient-aeon-studio\/\" title=\"Permanent Link to %sAur\u00e9lien ELIAS devient Aeon Studio\">\n\t\t\t\t\t\t\t\tAur\u00e9lien ELIAS devient Aeon Studio\n\t\t\t\t\t\t\t<\/a>\n\t\t\t\t\t\t  <\/h3><span class=\"date\"><span class=\"posted\">1 September 2023<\/span> <span class=\"date-divider\"> | <\/span>\n\t\t\t\t\t\t\t\t<a href=\"https:\/\/aurelienelias.com\/en\/author\/aurelienelias\/\" class=\"author\">\n\t\t\t\t\t\t\t\t\tAur\u00e9lien Elias\n\t\t\t\t\t\t\t\t<\/a>\n\t\t\t\t\t\t\t  <\/span><p>Apr\u00e8s une premi\u00e8re ann\u00e9e de freelance incroyable, une nouvelle \u00e8re d\u2019aventures cr\u00e9atives commence pour moi.\u00a0Ma passion pour la vid\u00e9o et le graphisme prend d\u00e9sormais le statut d\u2019une soci\u00e9t\u00e9 avec Aeon Studio.<\/p> <p>Des collaborations passionnantes avec de nombreuses marques<\/p><span class=\"more-link\"><a href=\"https:\/\/aurelienelias.com\/en\/2023\/09\/01\/aurelien-elias-devient-aeon-studio\/\" class=\"more-link\">More details<\/a><\/span><div class=\"clear\"><\/div><\/div><div class=\"tw-one-third column-last articleinner isobrick\"><div class=\"thumbnailarea\">\n\t\t\t\t                  <a class=\"thumblink\" title=\"Permanent Link to %sMotion Design \u2013 Logistique Fnac Darty\" href=\"https:\/\/aurelienelias.com\/en\/2023\/08\/31\/motion-design-logistique-fnac-darty\/\">\n\t\t\t\t                  \t<img src=\"https:\/\/aurelienelias.com\/wp-content\/uploads\/2023\/08\/Thumbnail_16x9_MotionDesign_Logistique_FnacDarty-600x400.jpg\" class=\"scale-with-grid wp-post-image\" alt=\"FNAC DARTY - Motion design Logistique Transports et Flux\" decoding=\"async\" loading=\"lazy\" \/>\n\t\t\t\t                  <\/a>\n\t\t\t                  <\/div><h3 class=\"title-shortcode\">\n\t\t\t\t\t\t\t<a href=\"https:\/\/aurelienelias.com\/en\/2023\/08\/31\/motion-design-logistique-fnac-darty\/\" title=\"Permanent Link to %sMotion Design \u2013 Logistique Fnac Darty\">\n\t\t\t\t\t\t\t\tMotion Design \u2013 Logistique Fnac Darty\n\t\t\t\t\t\t\t<\/a>\n\t\t\t\t\t\t  <\/h3><span class=\"date\"><span class=\"posted\">31 August 2023<\/span> <span class=\"date-divider\"> | <\/span>\n\t\t\t\t\t\t\t\t<a href=\"https:\/\/aurelienelias.com\/en\/author\/aurelienelias\/\" class=\"author\">\n\t\t\t\t\t\t\t\t\tAur\u00e9lien Elias\n\t\t\t\t\t\t\t\t<\/a>\n\t\t\t\t\t\t\t  <\/span><p>Un motion design r\u00e9alis\u00e9 from scratch sous After Effects, pour pr\u00e9senter le service Logistique, Transport et Flux du\u00a0Groupe Fnac Darty,\u00a0en quelques chiffres. La vid\u00e9o revient \u00e9galement sur l\u2019organisation des entrep\u00f4ts, les diff\u00e9rents exp\u00e9diteurs avec ils collaborent et les r\u00e9partition des ... <span class=\"more-link\"><a href=\"https:\/\/aurelienelias.com\/en\/2023\/08\/31\/motion-design-logistique-fnac-darty\/\" class=\"more-link\">More details<\/a><\/span><\/p><div class=\"clear\"><\/div><\/div><div class=\"clear\"><\/div><\/div><\/div>","protected":false},"excerpt":{"rendered":"<p>Un motion design r\u00e9alis\u00e9 from scratch sous After Effects, pour pr\u00e9senter le service Logistique, Transport et Flux du\u00a0Groupe Fnac Darty,\u00a0en quelques chiffres. La vid\u00e9o revient \u00e9galement sur l\u2019organisation des entrep\u00f4ts, les diff\u00e9rents exp\u00e9diteurs avec ils collaborent et les r\u00e9partition des &#8230; <span class=\"more-link\"><a href=\"https:\/\/aurelienelias.com\/en\/2023\/08\/31\/motion-design-logistique-fnac-darty\/\" class=\"more-link\">More details<\/a><\/span><\/p>","protected":false},"author":2,"featured_media":0,"parent":0,"menu_order":0,"comment_status":"closed","ping_status":"closed","template":"template-home.php","meta":{"_exactmetrics_skip_tracking":false,"_exactmetrics_sitenote_active":false,"_exactmetrics_sitenote_note":"","_exactmetrics_sitenote_category":0},"yoast_head":"<!-- This site is optimized with the Yoast SEO plugin v20.1 - https:\/\/yoast.com\/wordpress\/plugins\/seo\/ -->\n<title>Aur\u00e9lien Elias - Freelance Graphisme, Vid\u00e9o, Motion Design et Web<\/title>\n<meta name=\"description\" content=\"Vous cherchez un freelance graphiste ou vid\u00e9aste pour vous accompagner sur vos projets ? Vous \u00eates au bon endroit !\" \/>\n<meta name=\"robots\" content=\"index, follow, max-snippet:-1, max-image-preview:large, max-video-preview:-1\" \/>\n<link rel=\"canonical\" href=\"https:\/\/aurelienelias.com\/en\/\" \/>\n<meta property=\"og:locale\" content=\"en_US\" \/>\n<meta property=\"og:type\" content=\"article\" \/>\n<meta property=\"og:title\" content=\"Aur\u00e9lien Elias - Freelance Graphisme, Vid\u00e9o, Motion Design et Web\" \/>\n<meta property=\"og:description\" content=\"Vous cherchez un freelance graphiste ou vid\u00e9aste pour vous accompagner sur vos projets ? Vous \u00eates au bon endroit !\" \/>\n<meta property=\"og:url\" content=\"https:\/\/aurelienelias.com\/en\/\" \/>\n<meta property=\"og:site_name\" content=\"Aur\u00e9lien Elias\" \/>\n<meta property=\"article:modified_time\" content=\"2022-05-09T11:48:57+00:00\" \/>\n<meta name=\"twitter:card\" content=\"summary_large_image\" \/>\n<meta name=\"twitter:label1\" content=\"Est. reading time\" \/>\n\t<meta name=\"twitter:data1\" content=\"1 minute\" \/>\n<script type=\"application\/ld+json\" class=\"yoast-schema-graph\">{\"@context\":\"https:\/\/schema.org\",\"@graph\":[{\"@type\":\"WebPage\",\"@id\":\"https:\/\/aurelienelias.com\/\",\"url\":\"https:\/\/aurelienelias.com\/\",\"name\":\"Aur\u00e9lien Elias - Freelance Graphisme, Vid\u00e9o, Motion Design et Web\",\"isPartOf\":{\"@id\":\"https:\/\/aurelienelias.com\/#website\"},\"datePublished\":\"2017-05-10T16:09:08+00:00\",\"dateModified\":\"2022-05-09T11:48:57+00:00\",\"description\":\"Vous cherchez un freelance graphiste ou vid\u00e9aste pour vous accompagner sur vos projets ? Vous \u00eates au bon endroit !\",\"breadcrumb\":{\"@id\":\"https:\/\/aurelienelias.com\/#breadcrumb\"},\"inLanguage\":\"en-US\",\"potentialAction\":[{\"@type\":\"ReadAction\",\"target\":[\"https:\/\/aurelienelias.com\/\"]}]},{\"@type\":\"BreadcrumbList\",\"@id\":\"https:\/\/aurelienelias.com\/#breadcrumb\",\"itemListElement\":[{\"@type\":\"ListItem\",\"position\":1,\"name\":\"Accueil\",\"item\":\"https:\/\/aurelienelias.com\/\"},{\"@type\":\"ListItem\",\"position\":2,\"name\":\"Portfolio\"}]},{\"@type\":\"WebSite\",\"@id\":\"https:\/\/aurelienelias.com\/#website\",\"url\":\"https:\/\/aurelienelias.com\/\",\"name\":\"Aur\u00e9lien Elias\",\"description\":\"Portfolio Digital : Vid\u00e9o \/ Motion Design \/ Graphisme \/ Web\",\"publisher\":{\"@id\":\"https:\/\/aurelienelias.com\/#organization\"},\"potentialAction\":[{\"@type\":\"SearchAction\",\"target\":{\"@type\":\"EntryPoint\",\"urlTemplate\":\"https:\/\/aurelienelias.com\/?s={search_term_string}\"},\"query-input\":\"required name=search_term_string\"}],\"inLanguage\":\"en-US\"},{\"@type\":\"Organization\",\"@id\":\"https:\/\/aurelienelias.com\/#organization\",\"name\":\"Aur\u00e9lien Elias\",\"url\":\"https:\/\/aurelienelias.com\/\",\"logo\":{\"@type\":\"ImageObject\",\"inLanguage\":\"en-US\",\"@id\":\"https:\/\/aurelienelias.com\/#\/schema\/logo\/image\/\",\"url\":\"https:\/\/aurelienelias.com\/wp-content\/uploads\/2022\/05\/Logo_AurelienELIAS_1080x1080.png\",\"contentUrl\":\"https:\/\/aurelienelias.com\/wp-content\/uploads\/2022\/05\/Logo_AurelienELIAS_1080x1080.png\",\"width\":1080,\"height\":1080,\"caption\":\"Aur\u00e9lien Elias\"},\"image\":{\"@id\":\"https:\/\/aurelienelias.com\/#\/schema\/logo\/image\/\"}}]}<\/script>\n<!-- \/ Yoast SEO plugin. -->","yoast_head_json":{"title":"Aur\u00e9lien Elias - Freelance Graphisme, Vid\u00e9o, Motion Design et Web","description":"Vous cherchez un freelance graphiste ou vid\u00e9aste pour vous accompagner sur vos projets ? Vous \u00eates au bon endroit !","robots":{"index":"index","follow":"follow","max-snippet":"max-snippet:-1","max-image-preview":"max-image-preview:large","max-video-preview":"max-video-preview:-1"},"canonical":"https:\/\/aurelienelias.com\/en\/","og_locale":"en_US","og_type":"article","og_title":"Aur\u00e9lien Elias - Freelance Graphisme, Vid\u00e9o, Motion Design et Web","og_description":"Vous cherchez un freelance graphiste ou vid\u00e9aste pour vous accompagner sur vos projets ? Vous \u00eates au bon endroit !","og_url":"https:\/\/aurelienelias.com\/en\/","og_site_name":"Aur\u00e9lien Elias","article_modified_time":"2022-05-09T11:48:57+00:00","twitter_card":"summary_large_image","twitter_misc":{"Est. reading time":"1 minute"},"schema":{"@context":"https:\/\/schema.org","@graph":[{"@type":"WebPage","@id":"https:\/\/aurelienelias.com\/","url":"https:\/\/aurelienelias.com\/","name":"Aur\u00e9lien Elias - Freelance Graphisme, Vid\u00e9o, Motion Design et Web","isPartOf":{"@id":"https:\/\/aurelienelias.com\/#website"},"datePublished":"2017-05-10T16:09:08+00:00","dateModified":"2022-05-09T11:48:57+00:00","description":"Vous cherchez un freelance graphiste ou vid\u00e9aste pour vous accompagner sur vos projets ? Vous \u00eates au bon endroit !","breadcrumb":{"@id":"https:\/\/aurelienelias.com\/#breadcrumb"},"inLanguage":"en-US","potentialAction":[{"@type":"ReadAction","target":["https:\/\/aurelienelias.com\/"]}]},{"@type":"BreadcrumbList","@id":"https:\/\/aurelienelias.com\/#breadcrumb","itemListElement":[{"@type":"ListItem","position":1,"name":"Accueil","item":"https:\/\/aurelienelias.com\/"},{"@type":"ListItem","position":2,"name":"Portfolio"}]},{"@type":"WebSite","@id":"https:\/\/aurelienelias.com\/#website","url":"https:\/\/aurelienelias.com\/","name":"Aur\u00e9lien Elias","description":"Portfolio Digital : Vid\u00e9o \/ Motion Design \/ Graphisme \/ Web","publisher":{"@id":"https:\/\/aurelienelias.com\/#organization"},"potentialAction":[{"@type":"SearchAction","target":{"@type":"EntryPoint","urlTemplate":"https:\/\/aurelienelias.com\/?s={search_term_string}"},"query-input":"required name=search_term_string"}],"inLanguage":"en-US"},{"@type":"Organization","@id":"https:\/\/aurelienelias.com\/#organization","name":"Aur\u00e9lien Elias","url":"https:\/\/aurelienelias.com\/","logo":{"@type":"ImageObject","inLanguage":"en-US","@id":"https:\/\/aurelienelias.com\/#\/schema\/logo\/image\/","url":"https:\/\/aurelienelias.com\/wp-content\/uploads\/2022\/05\/Logo_AurelienELIAS_1080x1080.png","contentUrl":"https:\/\/aurelienelias.com\/wp-content\/uploads\/2022\/05\/Logo_AurelienELIAS_1080x1080.png","width":1080,"height":1080,"caption":"Aur\u00e9lien Elias"},"image":{"@id":"https:\/\/aurelienelias.com\/#\/schema\/logo\/image\/"}}]}},"_links":{"self":[{"href":"https:\/\/aurelienelias.com\/en\/wp-json\/wp\/v2\/pages\/14"}],"collection":[{"href":"https:\/\/aurelienelias.com\/en\/wp-json\/wp\/v2\/pages"}],"about":[{"href":"https:\/\/aurelienelias.com\/en\/wp-json\/wp\/v2\/types\/page"}],"author":[{"embeddable":true,"href":"https:\/\/aurelienelias.com\/en\/wp-json\/wp\/v2\/users\/2"}],"replies":[{"embeddable":true,"href":"https:\/\/aurelienelias.com\/en\/wp-json\/wp\/v2\/comments?post=14"}],"version-history":[{"count":8,"href":"https:\/\/aurelienelias.com\/en\/wp-json\/wp\/v2\/pages\/14\/revisions"}],"predecessor-version":[{"id":528,"href":"https:\/\/aurelienelias.com\/en\/wp-json\/wp\/v2\/pages\/14\/revisions\/528"}],"wp:attachment":[{"href":"https:\/\/aurelienelias.com\/en\/wp-json\/wp\/v2\/media?parent=14"}],"curies":[{"name":"wp","href":"https:\/\/api.w.org\/{rel}","templated":true}]}}