{"id":1407,"date":"2019-06-24T11:31:35","date_gmt":"2019-06-24T09:31:35","guid":{"rendered":"http:\/\/aurelienelias.com\/?page_id=1407"},"modified":"2019-11-09T19:17:37","modified_gmt":"2019-11-09T18:17:37","slug":"presentation-1","status":"publish","type":"page","link":"https:\/\/aurelienelias.com\/en\/presentation-1\/","title":{"rendered":"Pr\u00e9sentation [OLD]"},"content":{"rendered":"<div class=\"myself\">\n<div class=\"insidemyself\">\n<p><img decoding=\"async\" loading=\"lazy\" class=\"normal wp-image-634 alignleft\" title=\"Aur\u00e9lien Elias Photo\" src=\"http:\/\/aurelienelias.com\/wp-content\/uploads\/2017\/09\/P1030653_transparent_short.png\" alt=\"\" width=\"300\" height=\"339\" srcset=\"https:\/\/aurelienelias.com\/wp-content\/uploads\/2017\/09\/P1030653_transparent_short.png 691w, https:\/\/aurelienelias.com\/wp-content\/uploads\/2017\/09\/P1030653_transparent_short-500x564.png 500w\" sizes=\"(max-width: 300px) 100vw, 300px\" \/><\/p>\n<h2 class=\"nameme\">AUR\u00c9LIEN ELIAS<\/h2>\n<h3>DIGITAL DESIGNER<\/h3>\n<h4>Video \/ Graphic design \/ Web<\/h4>\n<p>Je suis un jeune entrepreneur de 23 ans, travaillant dans les m\u00e9tiers du web, du graphisme et de la vid\u00e9o. Je suis dipl\u00f4m\u00e9 d&rsquo;un Mast\u00e8re Communication Audiovisuelle et Digital Marketing \u00e0 l&rsquo;<a href=\"http:\/\/www.ecitv.fr\/master-audiovisuel.html\" target=\"_blank\" rel=\"noopener noreferrer\">ECITV<\/a>.<\/p>\n<a target=\"_blank\" class=\"tw-button  large  shortcode\" href=\"http:\/\/aurelienelias.com\/wp-content\/uploads\/2017\/09\/AurelienElias_CV_2018.pdf\" ><i class=\"fa fa-download\" ><\/i> T\u00e9l\u00e9charger mon CV en PDF<\/a>\n<\/div>\n<div class=\"tw-toggle\"><div class=\"tw-toggle-trigger\">Plus sur moi<\/div><div class=\"tw-toggle-container\">\n<div class=\"clear\"><\/div><div class=\"tw-tabs-shortcode\"><ul id=\"tw-tabs-1\" class=\"tw-tabs\"><li><a href=\"#tw-tab-content-1-1\">2018&nbsp;&nbsp;|&nbsp;&nbsp;<em>ECITV<\/em><\/a><\/li><li><a href=\"#tw-tab-content-2-1\">2016&nbsp;&nbsp;|&nbsp;&nbsp;<em>Digital Campus<\/em><\/a><\/li><li><a href=\"#tw-tab-content-3-1\">2015&nbsp;&nbsp;|&nbsp;&nbsp;<em>MMI<\/em><\/a><\/li><\/ul><div class=\"clear\"><\/div>\n<div id=\"tw-tab-content-1-1\" class=\"tw-tab-1 tw-tab-content\"><img decoding=\"async\" loading=\"lazy\" class=\"normal alignleft wp-image-712\" title=\"Logo Ecole ECITV\" src=\"http:\/\/aurelienelias.com\/wp-content\/uploads\/2017\/09\/0.png\" alt=\"\" width=\"150\" height=\"71\" srcset=\"https:\/\/aurelienelias.com\/wp-content\/uploads\/2017\/09\/0.png 504w, https:\/\/aurelienelias.com\/wp-content\/uploads\/2017\/09\/0-500x235.png 500w\" sizes=\"(max-width: 150px) 100vw, 150px\" \/>I am graduated of a <strong>Mast\u00e8re in Audiovisual Communication and Digital Marketing<\/strong>, after doing two years of study at<a href=\"http:\/\/www.ecitv.fr\/master-audiovisuel.html\" target=\"_blank\" rel=\"noopener noreferrer\">ECITV<\/a>. I completed years in part-time training course within communication division at<a href=\"https:\/\/www.iscparis.com\/\" target=\"_blank\" rel=\"noopener noreferrer\">ISC Paris<\/a> as Multimedia graphic design.  I've mainly been involved in <a href=\"http:\/\/aurelienelias.com\/en\/2017\/09\/17\/isc-paris-retour-sur-un-an-de-realisations\/\" target=\"_blank\" rel=\"noopener noreferrer\">implementation of graphic design and video projects<\/a> . At ECITV, I also directed<a href=\"http:\/\/aurelienelias.com\/en\/2017\/09\/17\/ecitv-retour-sur-les-projets-realises-en-4eme-annee\/\" target=\"_blank\" rel=\"noopener noreferrer\">many video projects<\/a>. <\/div>\n<div id=\"tw-tab-content-2-1\" class=\"tw-tab-1 tw-tab-content\"><img decoding=\"async\" loading=\"lazy\" class=\"normal wp-image-716 alignleft\" title=\"Logo Ecole Digital Campus\" src=\"http:\/\/aurelienelias.com\/wp-content\/uploads\/2017\/09\/tumblr_static_dc.png\" alt=\"\" width=\"219\" height=\"71\" srcset=\"https:\/\/aurelienelias.com\/wp-content\/uploads\/2017\/09\/tumblr_static_dc.png 543w, https:\/\/aurelienelias.com\/wp-content\/uploads\/2017\/09\/tumblr_static_dc-500x162.png 500w\" sizes=\"(max-width: 219px) 100vw, 219px\" \/>I am graduated of a <strong>Bachelor \"Multimedia Project Manager\"<\/strong>, since 2016, after one year at Digital Campus (Bordeaux). I completed this years in part-time training course at&nbsp;<a class=\"link\" href=\"http:\/\/www.maxicoffee.com\/\" target=\"_blank\" rel=\"noopener noreferrer\">MaxiCoffee.com<\/a>, for whom I realized <a href=\"https:\/\/aurelienelias.com\/en\/2017\/09\/07\/maxicoffee-retour-an-de-realisations\/\" target=\"_blank\" rel=\"noopener noreferrer\">many projects<\/a> (mainly videos, web and graphic design).&nbsp;<a class=\"link\" href=\"http:\/\/www.digital-campus.fr\/formation\/bachelor-web\" target=\"_blank\" rel=\"noopener noreferrer\">More details<\/a><\/div>\n<div id=\"tw-tab-content-3-1\" class=\"tw-tab-1 tw-tab-content\"><img decoding=\"async\" loading=\"lazy\" class=\"normal wp-image-721 alignleft\" title=\"Logo Ecole MMI Bordeaux\" src=\"http:\/\/aurelienelias.com\/wp-content\/uploads\/2017\/09\/mmi-bordeaux.png\" alt=\"\" width=\"155\" height=\"80\" srcset=\"https:\/\/aurelienelias.com\/wp-content\/uploads\/2017\/09\/mmi-bordeaux.png 523w, https:\/\/aurelienelias.com\/wp-content\/uploads\/2017\/09\/mmi-bordeaux-500x258.png 500w, https:\/\/aurelienelias.com\/wp-content\/uploads\/2017\/09\/mmi-bordeaux-420x215.png 420w\" sizes=\"(max-width: 155px) 100vw, 155px\" \/>I am graduated of a <strong>MMI DUT (Multimedia and Internet professions)<\/strong>, that I completed from 2013 to 2015, at Bordeaux. This training allowed me to approach a variety of things and gave me a very broad view of the Web professions, form web development through audiovisual creation. (Web integration, programming, communication, graphic design, video montage, project management...).&nbsp;<a class=\"link\" href=\"http:\/\/mmibordeaux.com\/dut-mmi\/la-formation-dut-mmi\/\" target=\"_blank\" rel=\"noopener noreferrer\">More details<\/a><\/div>\n<div class=\"clear\"><\/div><\/div>\n<\/div><\/div>\n<\/div>\n<div class=\"tw-divider\"><h5><span>My 3 areas of expertise<\/span><\/h5><\/div>\n<p>&nbsp;<\/p>\n<div class=\"tw-pricing-table clearfix\">\n<div class=\"tw-pricing tw-one-third tw-column-\">\n<div class=\"tw-pricing-content\">\n<ul>\n<li><img decoding=\"async\" loading=\"lazy\" class=\"normal alignnone size-thumbnail wp-image-534\" src=\"http:\/\/aurelienelias.com\/wp-content\/uploads\/2017\/09\/graphisme-150x150.png\" alt=\"Graphisme\" width=\"150\" height=\"150\" srcset=\"https:\/\/aurelienelias.com\/wp-content\/uploads\/2017\/09\/graphisme-150x150.png 150w, https:\/\/aurelienelias.com\/wp-content\/uploads\/2017\/09\/graphisme-56x56.png 56w, https:\/\/aurelienelias.com\/wp-content\/uploads\/2017\/09\/graphisme-75x75.png 75w, https:\/\/aurelienelias.com\/wp-content\/uploads\/2017\/09\/graphisme.png 230w\" sizes=\"(max-width: 150px) 100vw, 150px\" \/><br \/>\n<h5>GRAPHIC DESIGN<\/h5>\n<\/li>\n<li>Design graphique<\/li>\n<li>Web Design<\/li>\n<li>Logotype<\/li>\n<li>Charte graphique<\/li>\n<li>Photos editing<\/li>\n<\/ul>\n<\/div>\n<\/div>\n<div class=\"tw-pricing tw-one-third tw-column-\">\n<div class=\"tw-pricing-content\">\n<ul>\n<li><img decoding=\"async\" loading=\"lazy\" class=\"normal alignnone size-thumbnail wp-image-532\" src=\"http:\/\/aurelienelias.com\/wp-content\/uploads\/2017\/09\/video-150x150.png\" alt=\"Vid\u00e9o\" width=\"150\" height=\"150\" srcset=\"https:\/\/aurelienelias.com\/wp-content\/uploads\/2017\/09\/video-150x150.png 150w, https:\/\/aurelienelias.com\/wp-content\/uploads\/2017\/09\/video-56x56.png 56w, https:\/\/aurelienelias.com\/wp-content\/uploads\/2017\/09\/video-75x75.png 75w, https:\/\/aurelienelias.com\/wp-content\/uploads\/2017\/09\/video.png 230w\" sizes=\"(max-width: 150px) 100vw, 150px\" \/><br \/>\n<h5>VID\u00c9O<\/h5>\n<\/li>\n<li>Directing \/ Framing<\/li>\n<li>Video montage<\/li>\n<li>Montage audio<\/li>\n<li>Motion Design<\/li>\n<li>Effets Sp\u00e9ciaux<\/li>\n<\/ul>\n<\/div>\n<\/div>\n<div class=\"tw-pricing tw-one-third tw-column-last\">\n<div class=\"tw-pricing-content\">\n<ul>\n<li><img decoding=\"async\" loading=\"lazy\" class=\"normal alignnone size-thumbnail wp-image-533\" src=\"http:\/\/aurelienelias.com\/wp-content\/uploads\/2017\/09\/web-150x150.png\" alt=\"Web\" width=\"150\" height=\"150\" srcset=\"https:\/\/aurelienelias.com\/wp-content\/uploads\/2017\/09\/web-150x150.png 150w, https:\/\/aurelienelias.com\/wp-content\/uploads\/2017\/09\/web-56x56.png 56w, https:\/\/aurelienelias.com\/wp-content\/uploads\/2017\/09\/web-75x75.png 75w, https:\/\/aurelienelias.com\/wp-content\/uploads\/2017\/09\/web.png 230w\" sizes=\"(max-width: 150px) 100vw, 150px\" \/><br \/>\n<h5>WEB<\/h5>\n<\/li>\n<li>HTML 5<\/li>\n<li>CSS 3<\/li>\n<li>Javascript &amp; PHP<\/li>\n<li>Ergonomie Web<\/li>\n<li>WordPress<\/li>\n<\/ul>\n<\/div>\n<\/div>\n<\/div>\n<div class=\"tw-divider\"><h5><span>Softwares<\/span><\/h5><\/div>\n<div class=\"logiciels\">\n<div class=\"tw-column tw-one-third tw-column-first ps-bar\"><img decoding=\"async\" loading=\"lazy\" class=\"normal alignnone wp-image-563\" title=\"Photoshop\" src=\"http:\/\/aurelienelias.com\/wp-content\/uploads\/2017\/09\/photoshop.png\" alt=\"Adobe Photoshop\" width=\"32\" height=\"32\" srcset=\"https:\/\/aurelienelias.com\/wp-content\/uploads\/2017\/09\/photoshop.png 64w, https:\/\/aurelienelias.com\/wp-content\/uploads\/2017\/09\/photoshop-56x56.png 56w\" sizes=\"(max-width: 32px) 100vw, 32px\" \/><div class=\"wptime-plugin-progress-wrap\" style=\"background:#eaeaea;margin-bottom:30px;\"><div class=\"wptime-plugin-progress-bar\" style=\"background:#f59d3e;width:98%;\"><\/div><span>Adobe Photoshop <em>98%<\/em><\/span><\/div><\/div>\n<div class=\"tw-column tw-one-third tw-column-first vp-bar\"><img decoding=\"async\" loading=\"lazy\" class=\"normal alignnone size-full wp-image-594\" src=\"http:\/\/aurelienelias.com\/wp-content\/uploads\/2017\/09\/vegaspro.png\" alt=\"Vegas Pro\" width=\"35\" height=\"35\"><div class=\"wptime-plugin-progress-wrap\" style=\"background:#eaeaea;margin-bottom:30px;\"><div class=\"wptime-plugin-progress-bar\" style=\"background:#f59d3e;width:98%;\"><\/div><span>Vegas Pro <em>98%<\/em><\/span><\/div><\/div>\n<div class=\"tw-column tw-one-third tw-column-last ht-bar\"><img decoding=\"async\" loading=\"lazy\" class=\"normal alignnone wp-image-581\" title=\"HTML5\" src=\"http:\/\/aurelienelias.com\/wp-content\/uploads\/2017\/09\/html.png\" alt=\"HTML5\" width=\"28\" height=\"28\"><div class=\"wptime-plugin-progress-wrap\" style=\"background:#eaeaea;margin-bottom:30px;\"><div class=\"wptime-plugin-progress-bar\" style=\"background:#f59d3e;width:92%;\"><\/div><span>HTML5 <em>92%<\/em><\/span><\/div><\/div><div class=\"clear\"><\/div>\n<div class=\"tw-column tw-one-third tw-column-first il-bar\"><img decoding=\"async\" loading=\"lazy\" class=\"normal alignnone wp-image-570\" title=\"Illustrator\" src=\"http:\/\/aurelienelias.com\/wp-content\/uploads\/2017\/09\/illustrator.png\" alt=\"Adobe Illustrator\" width=\"32\" height=\"32\" srcset=\"https:\/\/aurelienelias.com\/wp-content\/uploads\/2017\/09\/illustrator.png 64w, https:\/\/aurelienelias.com\/wp-content\/uploads\/2017\/09\/illustrator-56x56.png 56w\" sizes=\"(max-width: 32px) 100vw, 32px\" \/><div class=\"wptime-plugin-progress-wrap\" style=\"background:#eaeaea;margin-bottom:30px;\"><div class=\"wptime-plugin-progress-bar\" style=\"background:#f59d3e;width:95%;\"><\/div><span>Adobe Illustrator <em>95%<\/em><\/span><\/div><\/div>\n<div class=\"tw-column tw-one-third tw-column-first ae-bar\"><img decoding=\"async\" loading=\"lazy\" class=\"normal alignnone wp-image-567\" title=\"After Effect\" src=\"http:\/\/aurelienelias.com\/wp-content\/uploads\/2017\/09\/after-effects.png\" alt=\"Adobe After Effect\" width=\"32\" height=\"32\" srcset=\"https:\/\/aurelienelias.com\/wp-content\/uploads\/2017\/09\/after-effects.png 64w, https:\/\/aurelienelias.com\/wp-content\/uploads\/2017\/09\/after-effects-56x56.png 56w\" sizes=\"(max-width: 32px) 100vw, 32px\" \/><div class=\"wptime-plugin-progress-wrap\" style=\"background:#eaeaea;margin-bottom:30px;\"><div class=\"wptime-plugin-progress-bar\" style=\"background:#f59d3e;width:80%;\"><\/div><span>Adobe After Effect <em>80%<\/em><\/span><\/div><\/div>\n<div class=\"tw-column tw-one-third tw-column-last cs-bar\"><img decoding=\"async\" loading=\"lazy\" class=\"normal alignnone wp-image-598 size-full\" title=\"CSS3\" src=\"http:\/\/aurelienelias.com\/wp-content\/uploads\/2017\/09\/css3_logo.png\" alt=\"CSS3\" width=\"32\" height=\"32\"><div class=\"wptime-plugin-progress-wrap\" style=\"background:#eaeaea;margin-bottom:30px;\"><div class=\"wptime-plugin-progress-bar\" style=\"background:#f59d3e;width:90%;\"><\/div><span>CSS3 <em>90%<\/em><\/span><\/div><\/div><div class=\"clear\"><\/div>\n<div class=\"tw-column tw-one-third tw-column-first in-bar\"><img decoding=\"async\" loading=\"lazy\" class=\"normal alignnone wp-image-569\" title=\"Indesign\" src=\"http:\/\/aurelienelias.com\/wp-content\/uploads\/2017\/09\/indesign.png\" alt=\"InDesign\" width=\"32\" height=\"32\" srcset=\"https:\/\/aurelienelias.com\/wp-content\/uploads\/2017\/09\/indesign.png 64w, https:\/\/aurelienelias.com\/wp-content\/uploads\/2017\/09\/indesign-56x56.png 56w\" sizes=\"(max-width: 32px) 100vw, 32px\" \/><div class=\"wptime-plugin-progress-wrap\" style=\"background:#eaeaea;margin-bottom:30px;\"><div class=\"wptime-plugin-progress-bar\" style=\"background:#f59d3e;width:90%;\"><\/div><span>Adobe Indesign <em>90%<\/em><\/span><\/div><\/div>\n<div class=\"tw-column tw-one-third tw-column-first fc-bar\"><img decoding=\"async\" loading=\"lazy\" class=\"normal alignnone size-full wp-image-590\" src=\"http:\/\/aurelienelias.com\/wp-content\/uploads\/2017\/09\/noun_1235634_cc.png\" alt=\"Final Cut Pro X\" width=\"33\" height=\"31\"><div class=\"wptime-plugin-progress-wrap\" style=\"background:#eaeaea;margin-bottom:30px;\"><div class=\"wptime-plugin-progress-bar\" style=\"background:#f59d3e;width:80%;\"><\/div><span>Final Cut Pro X <em>80%<\/em><\/span><\/div><\/div>\n<div class=\"tw-column tw-one-third tw-column-last wp-bar\"><img decoding=\"async\" loading=\"lazy\" class=\"normal alignnone wp-image-600\" title=\"Wordpress\" src=\"http:\/\/aurelienelias.com\/wp-content\/uploads\/2017\/09\/wordpress.png\" alt=\"Wordpress\" width=\"32\" height=\"32\"><div class=\"wptime-plugin-progress-wrap\" style=\"background:#eaeaea;margin-bottom:30px;\"><div class=\"wptime-plugin-progress-bar\" style=\"background:#f59d3e;width:85%;\"><\/div><span>Wordpress <em>85%<\/em><\/span><\/div><\/div><div class=\"clear\"><\/div>\n<div class=\"tw-column tw-one-third tw-column-first lr-bar\"><img decoding=\"async\" loading=\"lazy\" class=\"normal alignnone wp-image-598 size-full\" title=\"Lightroom\" src=\"http:\/\/aurelienelias.com\/wp-content\/uploads\/2017\/09\/lightroom_logo.png\" alt=\"Adobe Lightroom\" width=\"32\" height=\"32\"><div class=\"wptime-plugin-progress-wrap\" style=\"background:#eaeaea;margin-bottom:30px;\"><div class=\"wptime-plugin-progress-bar\" style=\"background:#f59d3e;width:90%;\"><\/div><span>Adobe Lightroom <em>90%<\/em><\/span><\/div><\/div>\n<div class=\"tw-column tw-one-third tw-column-first ap-bar\"><img decoding=\"async\" loading=\"lazy\" class=\"normal alignnone wp-image-568\" title=\"Premiere\" src=\"http:\/\/aurelienelias.com\/wp-content\/uploads\/2017\/09\/premiere.png\" alt=\"Adobe Premiere Pro\" width=\"32\" height=\"32\" srcset=\"https:\/\/aurelienelias.com\/wp-content\/uploads\/2017\/09\/premiere.png 64w, https:\/\/aurelienelias.com\/wp-content\/uploads\/2017\/09\/premiere-56x56.png 56w\" sizes=\"(max-width: 32px) 100vw, 32px\" \/><div class=\"wptime-plugin-progress-wrap\" style=\"background:#eaeaea;margin-bottom:30px;\"><div class=\"wptime-plugin-progress-bar\" style=\"background:#f59d3e;width:55%;\"><\/div><span>Adobe Premiere Pro <em>55%<\/em><\/span><\/div><\/div>\n<div class=\"tw-column tw-one-third tw-column-last bh-bar\"><img decoding=\"async\" loading=\"lazy\" class=\"normal alignnone wp-image-568\" title=\"Ce n'est pas un logiciel, mais c'est important ;)\" src=\"http:\/\/aurelienelias.com\/wp-content\/uploads\/2017\/09\/happy.png\" alt=\"Smiley\" width=\"32\" height=\"32\"><div class=\"wptime-plugin-progress-wrap\" style=\"background:#eaeaea;margin-bottom:30px;\"><div class=\"wptime-plugin-progress-bar\" style=\"background:#f59d3e;width:100%;\"><\/div><span>Bonne humeur <em>100%<\/em><\/span><\/div><\/div><div class=\"clear\"><\/div>\n<div class=\"tw-column tw-one-third tw-column-first mw-bar\"><img decoding=\"async\" loading=\"lazy\" class=\"normal alignnone size-full wp-image-597\" src=\"http:\/\/aurelienelias.com\/wp-content\/uploads\/2017\/09\/20140119_52db7014d65f1.png\" alt=\"Microsoft Word\" width=\"32\" height=\"32\"><div class=\"wptime-plugin-progress-wrap\" style=\"background:#eaeaea;margin-bottom:30px;\"><div class=\"wptime-plugin-progress-bar\" style=\"background:#f59d3e;width:90%;\"><\/div><span>Microsoft Word <em>90%<\/em><\/span><\/div><\/div>\n<div class=\"tw-column tw-one-third tw-column-first mp-bar\"><img decoding=\"async\" loading=\"lazy\" class=\"normal alignnone size-full wp-image-596\" src=\"http:\/\/aurelienelias.com\/wp-content\/uploads\/2017\/09\/Logos-Publisher-Copyrighted-icon.png\" alt=\"\" width=\"32\" height=\"32\"><div class=\"wptime-plugin-progress-wrap\" style=\"background:#eaeaea;margin-bottom:30px;\"><div class=\"wptime-plugin-progress-bar\" style=\"background:#f59d3e;width:95%;\"><\/div><span>Microsoft Powerpoint <em>95%<\/em><\/span><\/div><\/div>\n<div class=\"tw-column tw-one-third tw-column-last me-bar\"><img decoding=\"async\" loading=\"lazy\" class=\"normal alignnone wp-image-598 size-full\" title=\"Excel\" src=\"http:\/\/aurelienelias.com\/wp-content\/uploads\/2017\/09\/Logos-Excel-Copyrighted-icon.png\" alt=\"Microsoft Excel\" width=\"32\" height=\"32\"><div class=\"wptime-plugin-progress-wrap\" style=\"background:#eaeaea;margin-bottom:30px;\"><div class=\"wptime-plugin-progress-bar\" style=\"background:#f59d3e;width:70%;\"><\/div><span>Microsoft Excel <em>70%<\/em><\/span><\/div><\/div><div class=\"clear\"><\/div>\n<\/div>","protected":false},"excerpt":{"rendered":"<p> AUR\u00c9LIEN ELIAS DIGITAL DESIGNER Vid\u00e9o \/ Graphisme \/ Web <\/p>\n<p>Je suis un jeune entrepreneur de 23 ans, travaillant dans les m\u00e9tiers du web, du graphisme et de la vid\u00e9o. Je suis dipl\u00f4m\u00e9 d&rsquo;un Mast\u00e8re Communication Audiovisuelle et Digital Marketing &#8230; <span class=\"more-link\"><a href=\"https:\/\/aurelienelias.com\/en\/presentation-1\/\" class=\"more-link\">More details<\/a><\/span><\/p>","protected":false},"author":2,"featured_media":0,"parent":0,"menu_order":0,"comment_status":"closed","ping_status":"closed","template":"template-medium.php","meta":{"_exactmetrics_skip_tracking":false,"_exactmetrics_sitenote_active":false,"_exactmetrics_sitenote_note":"","_exactmetrics_sitenote_category":0},"yoast_head":"<!-- This site is optimized with the Yoast SEO plugin v20.1 - https:\/\/yoast.com\/wordpress\/plugins\/seo\/ -->\n<title>Pr\u00e9sentation, Comp\u00e9tences &amp; CV en ligne | Aur\u00e9lien Elias<\/title>\n<meta name=\"description\" content=\"D\u00e9couvrez-en un peu plus sur moi : mes domaines de comp\u00e9tence, mon parcours, mes passions et retrouvez mon CV en ligne.\" \/>\n<meta name=\"robots\" content=\"index, follow, max-snippet:-1, max-image-preview:large, max-video-preview:-1\" \/>\n<link rel=\"canonical\" href=\"http:\/\/aurelienelias.com\/en\/presentation-1\/\" \/>\n<meta property=\"og:locale\" content=\"en_US\" \/>\n<meta property=\"og:type\" content=\"article\" \/>\n<meta property=\"og:title\" content=\"Pr\u00e9sentation, Comp\u00e9tences &amp; CV en ligne | Aur\u00e9lien Elias\" \/>\n<meta property=\"og:description\" content=\"D\u00e9couvrez-en un peu plus sur moi : mes domaines de comp\u00e9tence, mon parcours, mes passions et retrouvez mon CV en ligne.\" \/>\n<meta property=\"og:url\" content=\"http:\/\/aurelienelias.com\/en\/presentation-1\/\" \/>\n<meta property=\"og:site_name\" content=\"Aur\u00e9lien Elias\" \/>\n<meta property=\"article:modified_time\" content=\"2019-11-09T18:17:37+00:00\" \/>\n<meta property=\"og:image\" content=\"http:\/\/aurelienelias.com\/wp-content\/uploads\/2017\/09\/P1030653_transparent_short.png\" \/>\n<meta name=\"twitter:card\" content=\"summary_large_image\" \/>\n<meta name=\"twitter:label1\" content=\"Est. reading time\" \/>\n\t<meta name=\"twitter:data1\" content=\"3 minutes\" \/>\n<script type=\"application\/ld+json\" class=\"yoast-schema-graph\">{\"@context\":\"https:\/\/schema.org\",\"@graph\":[{\"@type\":\"WebPage\",\"@id\":\"http:\/\/aurelienelias.com\/en\/presentation-1\/\",\"url\":\"http:\/\/aurelienelias.com\/en\/presentation-1\/\",\"name\":\"Pr\u00e9sentation, Comp\u00e9tences & CV en ligne | Aur\u00e9lien Elias\",\"isPartOf\":{\"@id\":\"https:\/\/aurelienelias.com\/#website\"},\"datePublished\":\"2019-06-24T09:31:35+00:00\",\"dateModified\":\"2019-11-09T18:17:37+00:00\",\"description\":\"D\u00e9couvrez-en un peu plus sur moi : mes domaines de comp\u00e9tence, mon parcours, mes passions et retrouvez mon CV en ligne.\",\"breadcrumb\":{\"@id\":\"http:\/\/aurelienelias.com\/en\/presentation-1\/#breadcrumb\"},\"inLanguage\":\"en-US\",\"potentialAction\":[{\"@type\":\"ReadAction\",\"target\":[\"http:\/\/aurelienelias.com\/en\/presentation-1\/\"]}]},{\"@type\":\"BreadcrumbList\",\"@id\":\"http:\/\/aurelienelias.com\/en\/presentation-1\/#breadcrumb\",\"itemListElement\":[{\"@type\":\"ListItem\",\"position\":1,\"name\":\"Accueil\",\"item\":\"https:\/\/aurelienelias.com\/\"},{\"@type\":\"ListItem\",\"position\":2,\"name\":\"Pr\u00e9sentation [OLD]\"}]},{\"@type\":\"WebSite\",\"@id\":\"https:\/\/aurelienelias.com\/#website\",\"url\":\"https:\/\/aurelienelias.com\/\",\"name\":\"Aur\u00e9lien Elias\",\"description\":\"Portfolio Digital : Vid\u00e9o \/ Motion Design \/ Graphisme \/ Web\",\"publisher\":{\"@id\":\"https:\/\/aurelienelias.com\/#organization\"},\"potentialAction\":[{\"@type\":\"SearchAction\",\"target\":{\"@type\":\"EntryPoint\",\"urlTemplate\":\"https:\/\/aurelienelias.com\/?s={search_term_string}\"},\"query-input\":\"required name=search_term_string\"}],\"inLanguage\":\"en-US\"},{\"@type\":\"Organization\",\"@id\":\"https:\/\/aurelienelias.com\/#organization\",\"name\":\"Aur\u00e9lien Elias\",\"url\":\"https:\/\/aurelienelias.com\/\",\"logo\":{\"@type\":\"ImageObject\",\"inLanguage\":\"en-US\",\"@id\":\"https:\/\/aurelienelias.com\/#\/schema\/logo\/image\/\",\"url\":\"https:\/\/aurelienelias.com\/wp-content\/uploads\/2022\/05\/Logo_AurelienELIAS_1080x1080.png\",\"contentUrl\":\"https:\/\/aurelienelias.com\/wp-content\/uploads\/2022\/05\/Logo_AurelienELIAS_1080x1080.png\",\"width\":1080,\"height\":1080,\"caption\":\"Aur\u00e9lien Elias\"},\"image\":{\"@id\":\"https:\/\/aurelienelias.com\/#\/schema\/logo\/image\/\"}}]}<\/script>\n<!-- \/ Yoast SEO plugin. -->","yoast_head_json":{"title":"Pr\u00e9sentation, Comp\u00e9tences & CV en ligne | Aur\u00e9lien Elias","description":"D\u00e9couvrez-en un peu plus sur moi : mes domaines de comp\u00e9tence, mon parcours, mes passions et retrouvez mon CV en ligne.","robots":{"index":"index","follow":"follow","max-snippet":"max-snippet:-1","max-image-preview":"max-image-preview:large","max-video-preview":"max-video-preview:-1"},"canonical":"http:\/\/aurelienelias.com\/en\/presentation-1\/","og_locale":"en_US","og_type":"article","og_title":"Pr\u00e9sentation, Comp\u00e9tences & CV en ligne | Aur\u00e9lien Elias","og_description":"D\u00e9couvrez-en un peu plus sur moi : mes domaines de comp\u00e9tence, mon parcours, mes passions et retrouvez mon CV en ligne.","og_url":"http:\/\/aurelienelias.com\/en\/presentation-1\/","og_site_name":"Aur\u00e9lien Elias","article_modified_time":"2019-11-09T18:17:37+00:00","og_image":[{"url":"http:\/\/aurelienelias.com\/wp-content\/uploads\/2017\/09\/P1030653_transparent_short.png"}],"twitter_card":"summary_large_image","twitter_misc":{"Est. reading time":"3 minutes"},"schema":{"@context":"https:\/\/schema.org","@graph":[{"@type":"WebPage","@id":"http:\/\/aurelienelias.com\/en\/presentation-1\/","url":"http:\/\/aurelienelias.com\/en\/presentation-1\/","name":"Pr\u00e9sentation, Comp\u00e9tences & CV en ligne | Aur\u00e9lien Elias","isPartOf":{"@id":"https:\/\/aurelienelias.com\/#website"},"datePublished":"2019-06-24T09:31:35+00:00","dateModified":"2019-11-09T18:17:37+00:00","description":"D\u00e9couvrez-en un peu plus sur moi : mes domaines de comp\u00e9tence, mon parcours, mes passions et retrouvez mon CV en ligne.","breadcrumb":{"@id":"http:\/\/aurelienelias.com\/en\/presentation-1\/#breadcrumb"},"inLanguage":"en-US","potentialAction":[{"@type":"ReadAction","target":["http:\/\/aurelienelias.com\/en\/presentation-1\/"]}]},{"@type":"BreadcrumbList","@id":"http:\/\/aurelienelias.com\/en\/presentation-1\/#breadcrumb","itemListElement":[{"@type":"ListItem","position":1,"name":"Accueil","item":"https:\/\/aurelienelias.com\/"},{"@type":"ListItem","position":2,"name":"Pr\u00e9sentation [OLD]"}]},{"@type":"WebSite","@id":"https:\/\/aurelienelias.com\/#website","url":"https:\/\/aurelienelias.com\/","name":"Aur\u00e9lien Elias","description":"Portfolio Digital : Vid\u00e9o \/ Motion Design \/ Graphisme \/ Web","publisher":{"@id":"https:\/\/aurelienelias.com\/#organization"},"potentialAction":[{"@type":"SearchAction","target":{"@type":"EntryPoint","urlTemplate":"https:\/\/aurelienelias.com\/?s={search_term_string}"},"query-input":"required name=search_term_string"}],"inLanguage":"en-US"},{"@type":"Organization","@id":"https:\/\/aurelienelias.com\/#organization","name":"Aur\u00e9lien Elias","url":"https:\/\/aurelienelias.com\/","logo":{"@type":"ImageObject","inLanguage":"en-US","@id":"https:\/\/aurelienelias.com\/#\/schema\/logo\/image\/","url":"https:\/\/aurelienelias.com\/wp-content\/uploads\/2022\/05\/Logo_AurelienELIAS_1080x1080.png","contentUrl":"https:\/\/aurelienelias.com\/wp-content\/uploads\/2022\/05\/Logo_AurelienELIAS_1080x1080.png","width":1080,"height":1080,"caption":"Aur\u00e9lien Elias"},"image":{"@id":"https:\/\/aurelienelias.com\/#\/schema\/logo\/image\/"}}]}},"_links":{"self":[{"href":"https:\/\/aurelienelias.com\/en\/wp-json\/wp\/v2\/pages\/1407"}],"collection":[{"href":"https:\/\/aurelienelias.com\/en\/wp-json\/wp\/v2\/pages"}],"about":[{"href":"https:\/\/aurelienelias.com\/en\/wp-json\/wp\/v2\/types\/page"}],"author":[{"embeddable":true,"href":"https:\/\/aurelienelias.com\/en\/wp-json\/wp\/v2\/users\/2"}],"replies":[{"embeddable":true,"href":"https:\/\/aurelienelias.com\/en\/wp-json\/wp\/v2\/comments?post=1407"}],"version-history":[{"count":2,"href":"https:\/\/aurelienelias.com\/en\/wp-json\/wp\/v2\/pages\/1407\/revisions"}],"predecessor-version":[{"id":1758,"href":"https:\/\/aurelienelias.com\/en\/wp-json\/wp\/v2\/pages\/1407\/revisions\/1758"}],"wp:attachment":[{"href":"https:\/\/aurelienelias.com\/en\/wp-json\/wp\/v2\/media?parent=1407"}],"curies":[{"name":"wp","href":"https:\/\/api.w.org\/{rel}","templated":true}]}}