{"id":22,"date":"2017-05-10T18:21:32","date_gmt":"2017-05-10T16:21:32","guid":{"rendered":"http:\/\/aurelienelias.com\/?page_id=22"},"modified":"2022-05-07T21:35:11","modified_gmt":"2022-05-07T19:35:11","slug":"contact","status":"publish","type":"page","link":"https:\/\/aurelienelias.com\/en\/contact\/","title":{"rendered":"Contact"},"content":{"rendered":"","protected":false},"excerpt":{"rendered":"<p><span class=\"more-link\"><a href=\"https:\/\/aurelienelias.com\/en\/contact\/\" class=\"more-link\">More details<\/a><\/span><\/p>","protected":false},"author":2,"featured_media":0,"parent":0,"menu_order":0,"comment_status":"closed","ping_status":"closed","template":"template-contact.php","meta":{"_exactmetrics_skip_tracking":false,"_exactmetrics_sitenote_active":false,"_exactmetrics_sitenote_note":"","_exactmetrics_sitenote_category":0},"yoast_head":"<!-- This site is optimized with the Yoast SEO plugin v20.1 - https:\/\/yoast.com\/wordpress\/plugins\/seo\/ -->\n<title>Contact | Aur\u00e9lien Elias<\/title>\n<meta name=\"description\" content=\"Si vous \u00eates int\u00e9ress\u00e9 par mon travail et que vous d\u00e9sirez travailler avec moi, n\u2019h\u00e9sitez pas \u00e0 me contacter via la section contact.\" \/>\n<meta name=\"robots\" content=\"index, follow, max-snippet:-1, max-image-preview:large, max-video-preview:-1\" \/>\n<link rel=\"canonical\" href=\"https:\/\/aurelienelias.com\/en\/contact\/\" \/>\n<meta property=\"og:locale\" content=\"en_US\" \/>\n<meta property=\"og:type\" content=\"article\" \/>\n<meta property=\"og:title\" content=\"Contact | Aur\u00e9lien Elias\" \/>\n<meta property=\"og:description\" content=\"Si vous \u00eates int\u00e9ress\u00e9 par mon travail et que vous d\u00e9sirez travailler avec moi, n\u2019h\u00e9sitez pas \u00e0 me contacter via la section contact.\" \/>\n<meta property=\"og:url\" content=\"https:\/\/aurelienelias.com\/en\/contact\/\" \/>\n<meta property=\"og:site_name\" content=\"Aur\u00e9lien Elias\" \/>\n<meta property=\"article:modified_time\" content=\"2022-05-07T19:35:11+00:00\" \/>\n<meta name=\"twitter:card\" content=\"summary_large_image\" \/>\n<script type=\"application\/ld+json\" class=\"yoast-schema-graph\">{\"@context\":\"https:\/\/schema.org\",\"@graph\":[{\"@type\":\"WebPage\",\"@id\":\"https:\/\/aurelienelias.com\/contact\/\",\"url\":\"https:\/\/aurelienelias.com\/contact\/\",\"name\":\"Contact | Aur\u00e9lien Elias\",\"isPartOf\":{\"@id\":\"https:\/\/aurelienelias.com\/#website\"},\"datePublished\":\"2017-05-10T16:21:32+00:00\",\"dateModified\":\"2022-05-07T19:35:11+00:00\",\"description\":\"Si vous \u00eates int\u00e9ress\u00e9 par mon travail et que vous d\u00e9sirez travailler avec moi, n\u2019h\u00e9sitez pas \u00e0 me contacter via la section contact.\",\"breadcrumb\":{\"@id\":\"https:\/\/aurelienelias.com\/contact\/#breadcrumb\"},\"inLanguage\":\"en-US\",\"potentialAction\":[{\"@type\":\"ReadAction\",\"target\":[\"https:\/\/aurelienelias.com\/contact\/\"]}]},{\"@type\":\"BreadcrumbList\",\"@id\":\"https:\/\/aurelienelias.com\/contact\/#breadcrumb\",\"itemListElement\":[{\"@type\":\"ListItem\",\"position\":1,\"name\":\"Accueil\",\"item\":\"https:\/\/aurelienelias.com\/\"},{\"@type\":\"ListItem\",\"position\":2,\"name\":\"Contact\"}]},{\"@type\":\"WebSite\",\"@id\":\"https:\/\/aurelienelias.com\/#website\",\"url\":\"https:\/\/aurelienelias.com\/\",\"name\":\"Aur\u00e9lien Elias\",\"description\":\"Portfolio Digital : Vid\u00e9o \/ Motion Design \/ Graphisme \/ Web\",\"publisher\":{\"@id\":\"https:\/\/aurelienelias.com\/#organization\"},\"potentialAction\":[{\"@type\":\"SearchAction\",\"target\":{\"@type\":\"EntryPoint\",\"urlTemplate\":\"https:\/\/aurelienelias.com\/?s={search_term_string}\"},\"query-input\":\"required name=search_term_string\"}],\"inLanguage\":\"en-US\"},{\"@type\":\"Organization\",\"@id\":\"https:\/\/aurelienelias.com\/#organization\",\"name\":\"Aur\u00e9lien Elias\",\"url\":\"https:\/\/aurelienelias.com\/\",\"logo\":{\"@type\":\"ImageObject\",\"inLanguage\":\"en-US\",\"@id\":\"https:\/\/aurelienelias.com\/#\/schema\/logo\/image\/\",\"url\":\"https:\/\/aurelienelias.com\/wp-content\/uploads\/2022\/05\/Logo_AurelienELIAS_1080x1080.png\",\"contentUrl\":\"https:\/\/aurelienelias.com\/wp-content\/uploads\/2022\/05\/Logo_AurelienELIAS_1080x1080.png\",\"width\":1080,\"height\":1080,\"caption\":\"Aur\u00e9lien Elias\"},\"image\":{\"@id\":\"https:\/\/aurelienelias.com\/#\/schema\/logo\/image\/\"}}]}<\/script>\n<!-- \/ Yoast SEO plugin. -->","yoast_head_json":{"title":"Contact | Aur\u00e9lien Elias","description":"Si vous \u00eates int\u00e9ress\u00e9 par mon travail et que vous d\u00e9sirez travailler avec moi, n\u2019h\u00e9sitez pas \u00e0 me contacter via la section contact.","robots":{"index":"index","follow":"follow","max-snippet":"max-snippet:-1","max-image-preview":"max-image-preview:large","max-video-preview":"max-video-preview:-1"},"canonical":"https:\/\/aurelienelias.com\/en\/contact\/","og_locale":"en_US","og_type":"article","og_title":"Contact | Aur\u00e9lien Elias","og_description":"Si vous \u00eates int\u00e9ress\u00e9 par mon travail et que vous d\u00e9sirez travailler avec moi, n\u2019h\u00e9sitez pas \u00e0 me contacter via la section contact.","og_url":"https:\/\/aurelienelias.com\/en\/contact\/","og_site_name":"Aur\u00e9lien Elias","article_modified_time":"2022-05-07T19:35:11+00:00","twitter_card":"summary_large_image","schema":{"@context":"https:\/\/schema.org","@graph":[{"@type":"WebPage","@id":"https:\/\/aurelienelias.com\/contact\/","url":"https:\/\/aurelienelias.com\/contact\/","name":"Contact | Aur\u00e9lien Elias","isPartOf":{"@id":"https:\/\/aurelienelias.com\/#website"},"datePublished":"2017-05-10T16:21:32+00:00","dateModified":"2022-05-07T19:35:11+00:00","description":"Si vous \u00eates int\u00e9ress\u00e9 par mon travail et que vous d\u00e9sirez travailler avec moi, n\u2019h\u00e9sitez pas \u00e0 me contacter via la section contact.","breadcrumb":{"@id":"https:\/\/aurelienelias.com\/contact\/#breadcrumb"},"inLanguage":"en-US","potentialAction":[{"@type":"ReadAction","target":["https:\/\/aurelienelias.com\/contact\/"]}]},{"@type":"BreadcrumbList","@id":"https:\/\/aurelienelias.com\/contact\/#breadcrumb","itemListElement":[{"@type":"ListItem","position":1,"name":"Accueil","item":"https:\/\/aurelienelias.com\/"},{"@type":"ListItem","position":2,"name":"Contact"}]},{"@type":"WebSite","@id":"https:\/\/aurelienelias.com\/#website","url":"https:\/\/aurelienelias.com\/","name":"Aur\u00e9lien Elias","description":"Portfolio Digital : Vid\u00e9o \/ Motion Design \/ Graphisme \/ Web","publisher":{"@id":"https:\/\/aurelienelias.com\/#organization"},"potentialAction":[{"@type":"SearchAction","target":{"@type":"EntryPoint","urlTemplate":"https:\/\/aurelienelias.com\/?s={search_term_string}"},"query-input":"required name=search_term_string"}],"inLanguage":"en-US"},{"@type":"Organization","@id":"https:\/\/aurelienelias.com\/#organization","name":"Aur\u00e9lien Elias","url":"https:\/\/aurelienelias.com\/","logo":{"@type":"ImageObject","inLanguage":"en-US","@id":"https:\/\/aurelienelias.com\/#\/schema\/logo\/image\/","url":"https:\/\/aurelienelias.com\/wp-content\/uploads\/2022\/05\/Logo_AurelienELIAS_1080x1080.png","contentUrl":"https:\/\/aurelienelias.com\/wp-content\/uploads\/2022\/05\/Logo_AurelienELIAS_1080x1080.png","width":1080,"height":1080,"caption":"Aur\u00e9lien Elias"},"image":{"@id":"https:\/\/aurelienelias.com\/#\/schema\/logo\/image\/"}}]}},"_links":{"self":[{"href":"https:\/\/aurelienelias.com\/en\/wp-json\/wp\/v2\/pages\/22"}],"collection":[{"href":"https:\/\/aurelienelias.com\/en\/wp-json\/wp\/v2\/pages"}],"about":[{"href":"https:\/\/aurelienelias.com\/en\/wp-json\/wp\/v2\/types\/page"}],"author":[{"embeddable":true,"href":"https:\/\/aurelienelias.com\/en\/wp-json\/wp\/v2\/users\/2"}],"replies":[{"embeddable":true,"href":"https:\/\/aurelienelias.com\/en\/wp-json\/wp\/v2\/comments?post=22"}],"version-history":[{"count":1,"href":"https:\/\/aurelienelias.com\/en\/wp-json\/wp\/v2\/pages\/22\/revisions"}],"predecessor-version":[{"id":23,"href":"https:\/\/aurelienelias.com\/en\/wp-json\/wp\/v2\/pages\/22\/revisions\/23"}],"wp:attachment":[{"href":"https:\/\/aurelienelias.com\/en\/wp-json\/wp\/v2\/media?parent=22"}],"curies":[{"name":"wp","href":"https:\/\/api.w.org\/{rel}","templated":true}]}}